{"id":288,"date":"2019-05-16T02:41:58","date_gmt":"2019-05-16T02:41:58","guid":{"rendered":"http:\/\/192.168.1.123\/wordpress-work\/edumy\/?page_id=288"},"modified":"2025-02-05T22:07:29","modified_gmt":"2025-02-05T22:07:29","slug":"home","status":"publish","type":"page","link":"https:\/\/residencial-arazia.com\/index.php\/home\/","title":{"rendered":"Home"},"content":{"rendered":"\t\t<div data-elementor-type=\"wp-page\" data-elementor-id=\"288\" class=\"elementor elementor-288\" data-elementor-settings=\"{&quot;ha_cmc_init_switcher&quot;:&quot;no&quot;}\" data-elementor-post-type=\"page\">\n\t\t\t\t\t\t<section class=\"elementor-section elementor-top-section elementor-element elementor-element-14af4d3 elementor-section-stretched elementor-section-full_width elementor-hidden-tablet elementor-hidden-mobile elementor-section-height-default elementor-section-height-default\" data-id=\"14af4d3\" data-element_type=\"section\" data-settings=\"{&quot;stretch_section&quot;:&quot;section-stretched&quot;,&quot;_ha_eqh_enable&quot;:false}\">\n\t\t\t\t\t\t<div class=\"elementor-container elementor-column-gap-extended\">\n\t\t\t\t\t<div class=\"elementor-column elementor-col-100 elementor-top-column elementor-element elementor-element-8c35721\" data-id=\"8c35721\" data-element_type=\"column\">\n\t\t\t<div class=\"elementor-widget-wrap elementor-element-populated\">\n\t\t\t\t\t\t<div class=\"elementor-element elementor-element-3e1019a elementor-widget elementor-widget-apus_element_revslider\" data-id=\"3e1019a\" data-element_type=\"widget\" data-widget_type=\"apus_element_revslider.default\">\n\t\t\t\t<div class=\"elementor-widget-container\">\n\t\t\t        <div class=\"widget-revslider \">\r\n            \n\t\t\t<!-- START Home 2 REVOLUTION SLIDER 6.6.14 --><p class=\"rs-p-wp-fix\"><\/p>\n\t\t\t<rs-module-wrap id=\"rev_slider_2_1_wrapper\" data-source=\"gallery\" style=\"visibility:hidden;background:transparent;padding:0;\">\n\t\t\t\t<rs-module id=\"rev_slider_2_1\" style=\"\" data-version=\"6.6.14\">\n\t\t\t\t\t<rs-slides style=\"overflow: hidden; position: absolute;\">\n\t\t\t\t\t\t<rs-slide style=\"position: absolute;\" data-key=\"rs-3\" data-title=\"Slide\" data-thumb=\"\/\/residencial-arazia.com\/wp-content\/uploads\/2024\/01\/arazia-100x50.png\" data-in=\"o:0;\" data-out=\"a:false;\">\n\t\t\t\t\t\t\t<img fetchpriority=\"high\" decoding=\"async\" src=\"\/\/residencial-arazia.com\/wp-content\/plugins\/revslider\/public\/assets\/assets\/dummy.png\" alt=\"Venta de departamentos y penthouses\" title=\"Arazia Residencial\" width=\"1200\" height=\"643\" class=\"rev-slidebg tp-rs-img rs-lazyload\" data-lazyload=\"\/\/residencial-arazia.com\/wp-content\/uploads\/2024\/01\/arazia.png\" data-panzoom=\"d:20000;ss:100;se:120;\" data-no-retina>\n<!--\n\t\t\t\t\t\t\t--><rs-layer\n\t\t\t\t\t\t\t\tid=\"slider-2-slide-3-layer-0\" \n\t\t\t\t\t\t\t\tdata-type=\"text\"\n\t\t\t\t\t\t\t\tdata-rsp_ch=\"on\"\n\t\t\t\t\t\t\t\tdata-xy=\"x:c;xo:-3px,-2px,-1px,0;yo:417px,344px,261px,161px;\"\n\t\t\t\t\t\t\t\tdata-text=\"w:normal;s:57,47,35,21;l:71,58,44,27;a:center;\"\n\t\t\t\t\t\t\t\tdata-dim=\"w:1039,858,651,401;h:118,97,73,45;\"\n\t\t\t\t\t\t\t\tdata-frame_999=\"o:0;st:w;\"\n\t\t\t\t\t\t\t\tstyle=\"z-index:5;font-family:'Montserrat';\"\n\t\t\t\t\t\t\t>Somos parte de la historia y la innovaci\u00f3n inmobiliaria mexicana \n\t\t\t\t\t\t\t<\/rs-layer><!--\n-->\t\t\t\t\t\t<\/rs-slide>\n\t\t\t\t\t\t<rs-slide style=\"position: absolute;\" data-key=\"rs-4\" data-title=\"Slide\" data-thumb=\"\/\/residencial-arazia.com\/wp-content\/uploads\/2024\/01\/intro-ar-100x50.png\" data-in=\"o:0;\" data-out=\"a:false;\">\n\t\t\t\t\t\t\t<img decoding=\"async\" src=\"\/\/residencial-arazia.com\/wp-content\/plugins\/revslider\/public\/assets\/assets\/dummy.png\" alt=\"\" title=\"intro-ar\" width=\"5184\" height=\"2779\" class=\"rev-slidebg tp-rs-img rs-lazyload\" data-lazyload=\"\/\/residencial-arazia.com\/wp-content\/uploads\/2024\/01\/intro-ar.png\" data-panzoom=\"d:20000;ss:100;se:120;\" data-no-retina>\n<!---->\t\t\t\t\t\t<\/rs-slide>\n\t\t\t\t\t<\/rs-slides>\n\t\t\t\t<\/rs-module>\n\t\t\t\t<script>\n\t\t\t\t\tsetREVStartSize({c: 'rev_slider_2_1',rl:[1240,1024,778,480],el:[1080,768,600,520],gw:[1240,1024,778,480],gh:[1080,768,600,520],type:'standard',justify:'',layout:'fullscreen',offsetContainer:'',offset:'',mh:\"0\"});if (window.RS_MODULES!==undefined && window.RS_MODULES.modules!==undefined && window.RS_MODULES.modules[\"revslider21\"]!==undefined) {window.RS_MODULES.modules[\"revslider21\"].once = false;window.revapi2 = undefined;if (window.RS_MODULES.checkMinimal!==undefined) window.RS_MODULES.checkMinimal()}\n\t\t\t\t<\/script>\n\t\t\t<\/rs-module-wrap>\n\t\t\t<!-- END REVOLUTION SLIDER -->\n        <\/div>\r\n        \t\t<\/div>\n\t\t\t\t<\/div>\n\t\t\t\t\t<\/div>\n\t\t<\/div>\n\t\t\t\t\t<\/div>\n\t\t<\/section>\n\t\t\t\t<section class=\"elementor-section elementor-top-section elementor-element elementor-element-920fb6e elementor-section-stretched elementor-section-boxed elementor-section-height-default elementor-section-height-default\" data-id=\"920fb6e\" data-element_type=\"section\" data-settings=\"{&quot;stretch_section&quot;:&quot;section-stretched&quot;,&quot;background_background&quot;:&quot;gradient&quot;,&quot;_ha_eqh_enable&quot;:false}\">\n\t\t\t\t\t\t<div class=\"elementor-container elementor-column-gap-extended\">\n\t\t\t\t\t<div class=\"elementor-column elementor-col-50 elementor-top-column elementor-element elementor-element-74cd675\" data-id=\"74cd675\" data-element_type=\"column\" data-settings=\"{&quot;background_background&quot;:&quot;classic&quot;}\">\n\t\t\t<div class=\"elementor-widget-wrap elementor-element-populated\">\n\t\t\t\t\t\t<div class=\"elementor-element elementor-element-e280ec6 elementor-widget elementor-widget-image\" data-id=\"e280ec6\" data-element_type=\"widget\" data-widget_type=\"image.default\">\n\t\t\t\t<div class=\"elementor-widget-container\">\n\t\t\t\t\t\t\t\t\t\t\t\t\t<img decoding=\"async\" width=\"660\" height=\"806\" data-src=\"https:\/\/residencial-arazia.com\/wp-content\/uploads\/2024\/01\/ven_3.png\" class=\"attachment-large size-large wp-image-8153 lazyload\" alt=\"\" data-srcset=\"https:\/\/residencial-arazia.com\/wp-content\/uploads\/2024\/01\/ven_3.png 768w, https:\/\/residencial-arazia.com\/wp-content\/uploads\/2024\/01\/ven_3-246x300.png 246w\" data-sizes=\"(max-width: 660px) 100vw, 660px\" src=\"data:image\/gif;base64,R0lGODlhAQABAAAAACH5BAEKAAEALAAAAAABAAEAAAICTAEAOw==\" style=\"--smush-placeholder-width: 660px; --smush-placeholder-aspect-ratio: 660\/806;\" \/><noscript><img decoding=\"async\" width=\"660\" height=\"806\" src=\"https:\/\/residencial-arazia.com\/wp-content\/uploads\/2024\/01\/ven_3.png\" class=\"attachment-large size-large wp-image-8153\" alt=\"\" srcset=\"https:\/\/residencial-arazia.com\/wp-content\/uploads\/2024\/01\/ven_3.png 768w, https:\/\/residencial-arazia.com\/wp-content\/uploads\/2024\/01\/ven_3-246x300.png 246w\" sizes=\"(max-width: 660px) 100vw, 660px\" \/><\/noscript>\t\t\t\t\t\t\t\t\t\t\t\t\t<\/div>\n\t\t\t\t<\/div>\n\t\t\t\t\t<\/div>\n\t\t<\/div>\n\t\t\t\t<div class=\"elementor-column elementor-col-50 elementor-top-column elementor-element elementor-element-54f6982 margin-left-65\" data-id=\"54f6982\" data-element_type=\"column\" data-settings=\"{&quot;background_background&quot;:&quot;classic&quot;}\">\n\t\t\t<div class=\"elementor-widget-wrap elementor-element-populated\">\n\t\t\t\t\t\t<div class=\"elementor-element elementor-element-687bbeb elementor-widget elementor-widget-heading\" data-id=\"687bbeb\" data-element_type=\"widget\" data-widget_type=\"heading.default\">\n\t\t\t\t<div class=\"elementor-widget-container\">\n\t\t\t<h2 class=\"elementor-heading-title elementor-size-default\">Arazia Residencial<\/h2>\t\t<\/div>\n\t\t\t\t<\/div>\n\t\t\t\t<div class=\"elementor-element elementor-element-0135763 elementor-widget elementor-widget-heading\" data-id=\"0135763\" data-element_type=\"widget\" data-widget_type=\"heading.default\">\n\t\t\t\t<div class=\"elementor-widget-container\">\n\t\t\t<p class=\"elementor-heading-title elementor-size-default\">Los desarrollos Arazia son una serie de proyectos residenciales creados por Ia prestigiosa firma de arquitectos Interarq Architecture. Concebidos para brindar a los residentes armon\u00eda, tranquilidad y privacidad por medio de un elegante y moderno dise\u00f1o arquitect\u00f3nico.<br><br>La ubicaci\u00f3n geogr\u00e1fica de cada proyecto Arazia facilita a los residentes conectividad eficientes con calles y avenidas principales de la ciudad; cercan\u00eda a los servicios indispensables de la cotidianidad, como bancos, hospitales y colegios; as\u00ed como proximidad a parques, museos, centros culturales, centros comerciales, restaurantes y clubes deportivos, que por s\u00ed mismos crean un \"life style\" para qui\u00e9n tiene el privilegio de vivir en Arazia Residencial.<br><br>\"S\u00e9 parte del estilo y la experiencia Arazia\"<\/p>\t\t<\/div>\n\t\t\t\t<\/div>\n\t\t\t\t<div class=\"elementor-element elementor-element-83dc755 elementor-align-left elementor-widget elementor-widget-button\" data-id=\"83dc755\" data-element_type=\"widget\" data-widget_type=\"button.default\">\n\t\t\t\t<div class=\"elementor-widget-container\">\n\t\t\t\t\t\t\t<div class=\"elementor-button-wrapper\">\n\t\t\t\t\t<a class=\"elementor-button elementor-button-link elementor-size-sm\" href=\"https:\/\/residencial-arazia.com\/index.php\/arazia-alabama\/\">\n\t\t\t\t\t\t<span class=\"elementor-button-content-wrapper\">\n\t\t\t\t\t\t\t\t\t<span class=\"elementor-button-text\">Desarrollos en venta<\/span>\n\t\t\t\t\t<\/span>\n\t\t\t\t\t<\/a>\n\t\t\t\t<\/div>\n\t\t\t\t\t\t<\/div>\n\t\t\t\t<\/div>\n\t\t\t\t\t<\/div>\n\t\t<\/div>\n\t\t\t\t\t<\/div>\n\t\t<\/section>\n\t\t\t\t<section class=\"elementor-section elementor-top-section elementor-element elementor-element-6e03f8c elementor-section-stretched elementor-section-full_width elementor-section-height-default elementor-section-height-default\" data-id=\"6e03f8c\" data-element_type=\"section\" data-settings=\"{&quot;stretch_section&quot;:&quot;section-stretched&quot;,&quot;_ha_eqh_enable&quot;:false}\">\n\t\t\t\t\t\t<div class=\"elementor-container elementor-column-gap-extended\">\n\t\t\t\t\t<div class=\"elementor-column elementor-col-100 elementor-top-column elementor-element elementor-element-3a1910d\" data-id=\"3a1910d\" data-element_type=\"column\" data-settings=\"{&quot;background_background&quot;:&quot;classic&quot;}\">\n\t\t\t<div class=\"elementor-widget-wrap elementor-element-populated\">\n\t\t\t\t\t<div class=\"elementor-background-overlay\"><\/div>\n\t\t\t\t\t\t<div class=\"elementor-element elementor-element-dbb0d85 cta-heading-video elementor-widget elementor-widget-heading\" data-id=\"dbb0d85\" data-element_type=\"widget\" data-widget_type=\"heading.default\">\n\t\t\t\t<div class=\"elementor-widget-container\">\n\t\t\t<h2 class=\"elementor-heading-title elementor-size-default\">Somos la emoci\u00f3n de estrenar un nuevo hogar<\/h2>\t\t<\/div>\n\t\t\t\t<\/div>\n\t\t\t\t<div class=\"elementor-element elementor-element-23e4c6f elementor-widget elementor-widget-video\" data-id=\"23e4c6f\" data-element_type=\"widget\" data-settings=\"{&quot;video_type&quot;:&quot;hosted&quot;,&quot;autoplay&quot;:&quot;yes&quot;,&quot;play_on_mobile&quot;:&quot;yes&quot;,&quot;loop&quot;:&quot;yes&quot;,&quot;controls&quot;:&quot;yes&quot;}\" data-widget_type=\"video.default\">\n\t\t\t\t<div class=\"elementor-widget-container\">\n\t\t\t\t\t<div class=\"e-hosted-video elementor-wrapper elementor-open-inline\">\n\t\t\t\t\t<video class=\"elementor-video\" src=\"http:\/\/residencial-arazia.com\/wp-content\/uploads\/2025\/02\/WhatsApp-Video-2025-02-05-at-15.12.56.mp4\" autoplay=\"\" loop=\"\" controls=\"\" playsinline=\"\" controlsList=\"nodownload\"><\/video>\n\t\t\t\t<\/div>\n\t\t\t\t<\/div>\n\t\t\t\t<\/div>\n\t\t\t\t\t<\/div>\n\t\t<\/div>\n\t\t\t\t\t<\/div>\n\t\t<\/section>\n\t\t\t\t<section class=\"elementor-section elementor-top-section elementor-element elementor-element-57c86a8 elementor-section-stretched elementor-section-boxed elementor-section-height-default elementor-section-height-default\" data-id=\"57c86a8\" data-element_type=\"section\" data-settings=\"{&quot;stretch_section&quot;:&quot;section-stretched&quot;,&quot;background_background&quot;:&quot;gradient&quot;,&quot;_ha_eqh_enable&quot;:false}\">\n\t\t\t\t\t\t\t<div class=\"elementor-background-overlay\"><\/div>\n\t\t\t\t\t\t\t<div class=\"elementor-container elementor-column-gap-extended\">\n\t\t\t\t\t<div class=\"elementor-column elementor-col-100 elementor-top-column elementor-element elementor-element-b30f7f4\" data-id=\"b30f7f4\" data-element_type=\"column\">\n\t\t\t<div class=\"elementor-widget-wrap elementor-element-populated\">\n\t\t\t\t\t\t<div class=\"elementor-element elementor-element-9b7a295 elementor-widget elementor-widget-heading\" data-id=\"9b7a295\" data-element_type=\"widget\" data-widget_type=\"heading.default\">\n\t\t\t\t<div class=\"elementor-widget-container\">\n\t\t\t<h6 class=\"elementor-heading-title elementor-size-default\">\u00bfPor qu\u00e9 conf\u00edan en nosotros?<\/h6>\t\t<\/div>\n\t\t\t\t<\/div>\n\t\t\t\t<div class=\"elementor-element elementor-element-06fbd72 elementor-widget elementor-widget-apus_element_testimonials\" data-id=\"06fbd72\" data-element_type=\"widget\" data-widget_type=\"apus_element_testimonials.default\">\n\t\t\t\t<div class=\"elementor-widget-container\">\n\t\t\t            <div class=\"widget-testimonials  \">\n                                    <div class=\"slick-carousel testimonial-main\" data-items=\"3\" data-smallmedium=\"2\" data-extrasmall=\"1\" data-pagination=\"true\" data-nav=\"false\">\n                                                    <div class=\"testimonials-item\">\n\n                                <div class=\"testimonial-box\">\n                                                                            <div class=\"description\">\n                                            Mi nuevo departamento est\u00e1 ubicado en una zona conveniente y c\u00e9ntrica, lo que facilita el acceso a mi lugar de trabajo, supermercados, parques y otras comodidades esenciales.                                            <div class=\"quote-icon text-theme\">\n                                                <i class=\"flaticon-right-quotes-symbol\"><\/i>\n                                            <\/div>\n                                        <\/div>\n                                                                        <div class=\"testimonials-top flex flex-middle\">\n                                                                                    <div class=\"avarta\">\n                                                <img decoding=\"async\" data-src=\"https:\/\/residencial-arazia.com\/wp-content\/uploads\/2023\/12\/cesar-fireth-pozo.png\" alt=\"Alfonso Ram\u00edrez\" src=\"data:image\/gif;base64,R0lGODlhAQABAAAAACH5BAEKAAEALAAAAAABAAEAAAICTAEAOw==\" class=\"lazyload\" style=\"--smush-placeholder-width: 792px; --smush-placeholder-aspect-ratio: 792\/1007;\"><noscript><img decoding=\"async\" src=\"https:\/\/residencial-arazia.com\/wp-content\/uploads\/2023\/12\/cesar-fireth-pozo.png\" alt=\"Alfonso Ram\u00edrez\"><\/noscript>\n                                            <\/div>\n                                        \n                                        <div class=\"right-inner\">\n                                            <h3 class=\"name-client\">Alfonso Ram\u00edrez<\/h3>                                                                                                                                <\/div>\n                                    <\/div>    \n                                <\/div>\n                            <\/div>\n                                                    <div class=\"testimonials-item\">\n\n                                <div class=\"testimonial-box\">\n                                                                            <div class=\"description\">\n                                            El edificio cuenta con medidas de seguridad, como un sistema de vigilancia y personal brind\u00e1ndome una sensaci\u00f3n de tranquilidad para m\u00ed y mis pertenencias.                                            <div class=\"quote-icon text-theme\">\n                                                <i class=\"flaticon-right-quotes-symbol\"><\/i>\n                                            <\/div>\n                                        <\/div>\n                                                                        <div class=\"testimonials-top flex flex-middle\">\n                                                                                    <div class=\"avarta\">\n                                                <img decoding=\"async\" data-src=\"https:\/\/residencial-arazia.com\/wp-content\/uploads\/2023\/12\/laura_gochicoa.png\" alt=\"Sara\u00ed P\u00e9rez\" src=\"data:image\/gif;base64,R0lGODlhAQABAAAAACH5BAEKAAEALAAAAAABAAEAAAICTAEAOw==\" class=\"lazyload\" style=\"--smush-placeholder-width: 792px; --smush-placeholder-aspect-ratio: 792\/1007;\"><noscript><img decoding=\"async\" src=\"https:\/\/residencial-arazia.com\/wp-content\/uploads\/2023\/12\/laura_gochicoa.png\" alt=\"Sara\u00ed P\u00e9rez\"><\/noscript>\n                                            <\/div>\n                                        \n                                        <div class=\"right-inner\">\n                                            <h3 class=\"name-client\">Sara\u00ed P\u00e9rez<\/h3>                                                                                                                                <\/div>\n                                    <\/div>    \n                                <\/div>\n                            <\/div>\n                                                    <div class=\"testimonials-item\">\n\n                                <div class=\"testimonial-box\">\n                                                                            <div class=\"description\">\n                                            La presencia de personal de mantenimiento y administradores en el edificio facilita la resoluci\u00f3n de problemas y garantiza un mantenimiento eficiente oportuno.                                            <div class=\"quote-icon text-theme\">\n                                                <i class=\"flaticon-right-quotes-symbol\"><\/i>\n                                            <\/div>\n                                        <\/div>\n                                                                        <div class=\"testimonials-top flex flex-middle\">\n                                                                                    <div class=\"avarta\">\n                                                <img decoding=\"async\" data-src=\"https:\/\/residencial-arazia.com\/wp-content\/uploads\/2023\/12\/lorena_aguilar.png\" alt=\"Edith Torres\" src=\"data:image\/gif;base64,R0lGODlhAQABAAAAACH5BAEKAAEALAAAAAABAAEAAAICTAEAOw==\" class=\"lazyload\" style=\"--smush-placeholder-width: 792px; --smush-placeholder-aspect-ratio: 792\/1007;\"><noscript><img decoding=\"async\" src=\"https:\/\/residencial-arazia.com\/wp-content\/uploads\/2023\/12\/lorena_aguilar.png\" alt=\"Edith Torres\"><\/noscript>\n                                            <\/div>\n                                        \n                                        <div class=\"right-inner\">\n                                            <h3 class=\"name-client\">Edith Torres<\/h3>                                                                                                                                <\/div>\n                                    <\/div>    \n                                <\/div>\n                            <\/div>\n                                            <\/div>\n                              \n            <\/div>\n            \t\t<\/div>\n\t\t\t\t<\/div>\n\t\t\t\t\t<\/div>\n\t\t<\/div>\n\t\t\t\t\t<\/div>\n\t\t<\/section>\n\t\t\t\t<\/div>\n\t\t","protected":false},"excerpt":{"rendered":"<p>Arazia Residencial Los desarrollos Arazia son una serie de proyectos residenciales creados por Ia prestigiosa firma de arquitectos Interarq Architecture. Concebidos para brindar a los residentes armon\u00eda, tranquilidad y privacidad por medio de un elegante y moderno dise\u00f1o arquitect\u00f3nico. La ubicaci\u00f3n geogr\u00e1fica de cada proyecto Arazia facilita a los residentes conectividad eficientes con calles y &hellip; <br \/><a href=\"https:\/\/residencial-arazia.com\/index.php\/home\/\" class=\"more-link\">Continue reading <span class=\"screen-reader-text\">Home<\/span><\/a><\/p>\n","protected":false},"author":1,"featured_media":0,"parent":0,"menu_order":0,"comment_status":"closed","ping_status":"closed","template":"","meta":{"_background_id":0,"_xo_background":{"repeat":true,"attachment":true,"enable_color":true,"color":"#3d5565","id":0,"size":"auto","position_x":"left","position_y":"top","gradient":"","custom_gradient":""},"footnotes":""},"class_list":["post-288","page","type-page","status-publish","hentry"],"_links":{"self":[{"href":"https:\/\/residencial-arazia.com\/index.php\/wp-json\/wp\/v2\/pages\/288","targetHints":{"allow":["GET"]}}],"collection":[{"href":"https:\/\/residencial-arazia.com\/index.php\/wp-json\/wp\/v2\/pages"}],"about":[{"href":"https:\/\/residencial-arazia.com\/index.php\/wp-json\/wp\/v2\/types\/page"}],"author":[{"embeddable":true,"href":"https:\/\/residencial-arazia.com\/index.php\/wp-json\/wp\/v2\/users\/1"}],"replies":[{"embeddable":true,"href":"https:\/\/residencial-arazia.com\/index.php\/wp-json\/wp\/v2\/comments?post=288"}],"version-history":[{"count":152,"href":"https:\/\/residencial-arazia.com\/index.php\/wp-json\/wp\/v2\/pages\/288\/revisions"}],"predecessor-version":[{"id":9635,"href":"https:\/\/residencial-arazia.com\/index.php\/wp-json\/wp\/v2\/pages\/288\/revisions\/9635"}],"wp:attachment":[{"href":"https:\/\/residencial-arazia.com\/index.php\/wp-json\/wp\/v2\/media?parent=288"}],"curies":[{"name":"wp","href":"https:\/\/api.w.org\/{rel}","templated":true}]}}